{"id":11,"date":"2023-03-18T14:33:43","date_gmt":"2023-03-18T14:33:43","guid":{"rendered":"https:\/\/softnet.ro\/?page_id=11"},"modified":"2023-05-17T13:40:33","modified_gmt":"2023-05-17T13:40:33","slug":"despre-noi","status":"publish","type":"page","link":"https:\/\/softnet.ro\/ro\/despre-noi\/","title":{"rendered":"Despre Noi"},"content":{"rendered":"\n<p>Grupul SoftNet a fost \u00eenfiin\u021bat \u00een 1996 de c\u0103tre Dr. Vasile Baltac, un pionier al informaticii \u00een Rom\u00e2nia \u0219i un distins profesor universitar, devenit antreprenor \u0219i formator \u00een industriile IT.<\/p>\n\n\n\n<p>Cu o experien\u021b\u0103 de neegalat \u0219i o \u00een\u021belegere profund\u0103 a industriei, Dr. Baltac \u00ee\u0219i p\u0103streaz\u0103 \u00eenc\u0103 rolul, trei decenii mai t\u00e2rziu, \u00een cadrul grupului \u2013 secondat de o echip\u0103 experimentat\u0103 \u0219i bine sudat\u0103 de profesioni\u0219ti.<\/p>\n\n\n\n<p>Dr. Vasile Baltac a \u00eenfiin\u021bat SoftNet pentru a umple un gol uria\u0219 \u00een acea perioad\u0103 \u2013 solu\u021biile de hardware \u0219i software pe pia\u021ba de IT nou-n\u0103scut\u0103 \u00een Rom\u00e2nia de dup\u0103 \u201889.<\/p>\n\n\n\n<p>Ast\u0103zi, profit\u00e2nd de experien\u021ba uria\u0219\u0103 acumulat\u0103 \u00een dezvoltarea industriei IT din Rom\u00e2nia, SoftNet porne\u0219te pe \u00eenc\u0103 un drum nou \u2013 un joint venture, cu sediul la Bucure\u0219ti, cu un partener interna\u021bional din domeniul mobilit\u0103\u021bii corporative. \u00cen acest joint-venture, dezvolt\u0103m un centru tehnologic menit s\u0103 ofere solu\u021bii la nivel global.<\/p>\n\n\n\n<p>Afla\u021bi mai multe despre evolu\u021bia SoftNet parcurg\u00e2nd cronologia companiei. Face\u021bi cuno\u0219tin\u021b\u0103 cu echipa de baz\u0103 a grupului \u0219i descoperi\u021bi gama cuprinz\u0103toare de servicii pe care le oferim \u00een pagina dedicat\u0103.<\/p>\n","protected":false},"excerpt":{"rendered":"<p>Grupul SoftNet a fost \u00eenfiin\u021bat \u00een 1996 de c\u0103tre Dr. Vasile Baltac, un pionier al informaticii \u00een Rom\u00e2nia \u0219i un distins profesor universitar, devenit antreprenor \u0219i formator \u00een industriile IT. Cu o experien\u021b\u0103 de neegalat \u0219i o \u00een\u021belegere profund\u0103 a industriei, Dr. Baltac \u00ee\u0219i p\u0103streaz\u0103 \u00eenc\u0103 rolul, trei decenii mai t\u00e2rziu, \u00een cadrul grupului \u2013 [&hellip;]<\/p>\n","protected":false},"author":1,"featured_media":196,"parent":0,"menu_order":0,"comment_status":"closed","ping_status":"closed","template":"","meta":{"footnotes":""},"class_list":["post-11","page","type-page","status-publish","has-post-thumbnail","hentry"],"acf":[],"yoast_head":"<!-- This site is optimized with the Yoast SEO plugin v20.11 - https:\/\/yoast.com\/wordpress\/plugins\/seo\/ -->\n<title>Despre Noi - SoftNet<\/title>\n<meta name=\"robots\" content=\"index, follow, max-snippet:-1, max-image-preview:large, max-video-preview:-1\" \/>\n<link rel=\"canonical\" href=\"https:\/\/softnet.ro\/ro\/despre-noi\/\" \/>\n<meta property=\"og:locale\" content=\"ro_RO\" \/>\n<meta property=\"og:type\" content=\"article\" \/>\n<meta property=\"og:title\" content=\"Despre Noi - SoftNet\" \/>\n<meta property=\"og:description\" content=\"Grupul SoftNet a fost \u00eenfiin\u021bat \u00een 1996 de c\u0103tre Dr. Vasile Baltac, un pionier al informaticii \u00een Rom\u00e2nia \u0219i un distins profesor universitar, devenit antreprenor \u0219i formator \u00een industriile IT. Cu o experien\u021b\u0103 de neegalat \u0219i o \u00een\u021belegere profund\u0103 a industriei, Dr. Baltac \u00ee\u0219i p\u0103streaz\u0103 \u00eenc\u0103 rolul, trei decenii mai t\u00e2rziu, \u00een cadrul grupului \u2013 [&hellip;]\" \/>\n<meta property=\"og:url\" content=\"https:\/\/softnet.ro\/ro\/despre-noi\/\" \/>\n<meta property=\"og:site_name\" content=\"SoftNet\" \/>\n<meta property=\"article:modified_time\" content=\"2023-05-17T13:40:33+00:00\" \/>\n<meta property=\"og:image\" content=\"https:\/\/softnet.ro\/wp-content\/uploads\/2023\/04\/1450x470.jpg\" \/>\n\t<meta property=\"og:image:width\" content=\"1450\" \/>\n\t<meta property=\"og:image:height\" content=\"470\" \/>\n\t<meta property=\"og:image:type\" content=\"image\/jpeg\" \/>\n<meta name=\"twitter:card\" content=\"summary_large_image\" \/>\n<meta name=\"twitter:label1\" content=\"Timp estimat pentru citire\" \/>\n\t<meta name=\"twitter:data1\" content=\"1 minut\" \/>\n<script type=\"application\/ld+json\" class=\"yoast-schema-graph\">{\"@context\":\"https:\/\/schema.org\",\"@graph\":[{\"@type\":\"WebPage\",\"@id\":\"https:\/\/softnet.ro\/ro\/despre-noi\/\",\"url\":\"https:\/\/softnet.ro\/ro\/despre-noi\/\",\"name\":\"Despre Noi - SoftNet\",\"isPartOf\":{\"@id\":\"https:\/\/softnet.ro\/ro\/#website\"},\"datePublished\":\"2023-03-18T14:33:43+00:00\",\"dateModified\":\"2023-05-17T13:40:33+00:00\",\"breadcrumb\":{\"@id\":\"https:\/\/softnet.ro\/ro\/despre-noi\/#breadcrumb\"},\"inLanguage\":\"ro-RO\",\"potentialAction\":[{\"@type\":\"ReadAction\",\"target\":[\"https:\/\/softnet.ro\/ro\/despre-noi\/\"]}]},{\"@type\":\"BreadcrumbList\",\"@id\":\"https:\/\/softnet.ro\/ro\/despre-noi\/#breadcrumb\",\"itemListElement\":[{\"@type\":\"ListItem\",\"position\":1,\"name\":\"Home\",\"item\":\"https:\/\/softnet.ro\/ro\/\"},{\"@type\":\"ListItem\",\"position\":2,\"name\":\"Despre Noi\"}]},{\"@type\":\"WebSite\",\"@id\":\"https:\/\/softnet.ro\/ro\/#website\",\"url\":\"https:\/\/softnet.ro\/ro\/\",\"name\":\"SoftNet\",\"description\":\"SoftNet Website\",\"potentialAction\":[{\"@type\":\"SearchAction\",\"target\":{\"@type\":\"EntryPoint\",\"urlTemplate\":\"https:\/\/softnet.ro\/ro\/?s={search_term_string}\"},\"query-input\":\"required name=search_term_string\"}],\"inLanguage\":\"ro-RO\"}]}<\/script>\n<!-- \/ Yoast SEO plugin. -->","yoast_head_json":{"title":"Despre Noi - SoftNet","robots":{"index":"index","follow":"follow","max-snippet":"max-snippet:-1","max-image-preview":"max-image-preview:large","max-video-preview":"max-video-preview:-1"},"canonical":"https:\/\/softnet.ro\/ro\/despre-noi\/","og_locale":"ro_RO","og_type":"article","og_title":"Despre Noi - SoftNet","og_description":"Grupul SoftNet a fost \u00eenfiin\u021bat \u00een 1996 de c\u0103tre Dr. Vasile Baltac, un pionier al informaticii \u00een Rom\u00e2nia \u0219i un distins profesor universitar, devenit antreprenor \u0219i formator \u00een industriile IT. Cu o experien\u021b\u0103 de neegalat \u0219i o \u00een\u021belegere profund\u0103 a industriei, Dr. Baltac \u00ee\u0219i p\u0103streaz\u0103 \u00eenc\u0103 rolul, trei decenii mai t\u00e2rziu, \u00een cadrul grupului \u2013 [&hellip;]","og_url":"https:\/\/softnet.ro\/ro\/despre-noi\/","og_site_name":"SoftNet","article_modified_time":"2023-05-17T13:40:33+00:00","og_image":[{"width":1450,"height":470,"url":"https:\/\/softnet.ro\/wp-content\/uploads\/2023\/04\/1450x470.jpg","type":"image\/jpeg"}],"twitter_card":"summary_large_image","twitter_misc":{"Timp estimat pentru citire":"1 minut"},"schema":{"@context":"https:\/\/schema.org","@graph":[{"@type":"WebPage","@id":"https:\/\/softnet.ro\/ro\/despre-noi\/","url":"https:\/\/softnet.ro\/ro\/despre-noi\/","name":"Despre Noi - SoftNet","isPartOf":{"@id":"https:\/\/softnet.ro\/ro\/#website"},"datePublished":"2023-03-18T14:33:43+00:00","dateModified":"2023-05-17T13:40:33+00:00","breadcrumb":{"@id":"https:\/\/softnet.ro\/ro\/despre-noi\/#breadcrumb"},"inLanguage":"ro-RO","potentialAction":[{"@type":"ReadAction","target":["https:\/\/softnet.ro\/ro\/despre-noi\/"]}]},{"@type":"BreadcrumbList","@id":"https:\/\/softnet.ro\/ro\/despre-noi\/#breadcrumb","itemListElement":[{"@type":"ListItem","position":1,"name":"Home","item":"https:\/\/softnet.ro\/ro\/"},{"@type":"ListItem","position":2,"name":"Despre Noi"}]},{"@type":"WebSite","@id":"https:\/\/softnet.ro\/ro\/#website","url":"https:\/\/softnet.ro\/ro\/","name":"SoftNet","description":"SoftNet Website","potentialAction":[{"@type":"SearchAction","target":{"@type":"EntryPoint","urlTemplate":"https:\/\/softnet.ro\/ro\/?s={search_term_string}"},"query-input":"required name=search_term_string"}],"inLanguage":"ro-RO"}]}},"_links":{"self":[{"href":"https:\/\/softnet.ro\/ro\/wp-json\/wp\/v2\/pages\/11","targetHints":{"allow":["GET"]}}],"collection":[{"href":"https:\/\/softnet.ro\/ro\/wp-json\/wp\/v2\/pages"}],"about":[{"href":"https:\/\/softnet.ro\/ro\/wp-json\/wp\/v2\/types\/page"}],"author":[{"embeddable":true,"href":"https:\/\/softnet.ro\/ro\/wp-json\/wp\/v2\/users\/1"}],"replies":[{"embeddable":true,"href":"https:\/\/softnet.ro\/ro\/wp-json\/wp\/v2\/comments?post=11"}],"version-history":[{"count":7,"href":"https:\/\/softnet.ro\/ro\/wp-json\/wp\/v2\/pages\/11\/revisions"}],"predecessor-version":[{"id":492,"href":"https:\/\/softnet.ro\/ro\/wp-json\/wp\/v2\/pages\/11\/revisions\/492"}],"wp:featuredmedia":[{"embeddable":true,"href":"https:\/\/softnet.ro\/ro\/wp-json\/wp\/v2\/media\/196"}],"wp:attachment":[{"href":"https:\/\/softnet.ro\/ro\/wp-json\/wp\/v2\/media?parent=11"}],"curies":[{"name":"wp","href":"https:\/\/api.w.org\/{rel}","templated":true}]}}