{"id":161,"date":"2023-03-28T10:57:54","date_gmt":"2023-03-28T10:57:54","guid":{"rendered":"https:\/\/softnet.ro\/?page_id=161"},"modified":"2023-07-07T07:28:23","modified_gmt":"2023-07-07T07:28:23","slug":"cariere","status":"publish","type":"page","link":"https:\/\/softnet.ro\/ro\/cariere\/","title":{"rendered":"Cariere"},"content":{"rendered":"\n<p><strong>\u00cen peste un sfert de secol de experien\u021b\u0103 \u00een recrutarea de talent excep\u021bional \u00een industrie, am dezvoltat la SoftNet un \u201eal \u0219aselea sim\u021b\u201d pentru ce \u00eenseamn\u0103 succes \u00eentr-o carier\u0103 IT.<\/strong><\/p>\n\n\n\n<p>Dac\u0103 \u0219tii c\u0103 ai ce-\u021bi trebuie, SoftNet e un loc excelent \u00een care s\u0103 dai \u00eentreaga m\u0103sur\u0103 a talentului t\u0103u.<\/p>\n\n\n\n<p>Vezi mai jos ce posturi te pot interesa!<\/p>\n","protected":false},"excerpt":{"rendered":"<p>\u00cen peste un sfert de secol de experien\u021b\u0103 \u00een recrutarea de talent excep\u021bional \u00een industrie, am dezvoltat la SoftNet un \u201eal \u0219aselea sim\u021b\u201d pentru ce \u00eenseamn\u0103 succes \u00eentr-o carier\u0103 IT. Dac\u0103 \u0219tii c\u0103 ai ce-\u021bi trebuie, SoftNet e un loc excelent \u00een care s\u0103 dai \u00eentreaga m\u0103sur\u0103 a talentului t\u0103u. Vezi mai jos ce posturi [&hellip;]<\/p>\n","protected":false},"author":1,"featured_media":191,"parent":0,"menu_order":0,"comment_status":"closed","ping_status":"closed","template":"template-cariere.php","meta":{"footnotes":""},"class_list":["post-161","page","type-page","status-publish","has-post-thumbnail","hentry"],"acf":[],"yoast_head":"<!-- This site is optimized with the Yoast SEO plugin v20.11 - https:\/\/yoast.com\/wordpress\/plugins\/seo\/ -->\n<title>Cariere - SoftNet<\/title>\n<meta name=\"robots\" content=\"index, follow, max-snippet:-1, max-image-preview:large, max-video-preview:-1\" \/>\n<link rel=\"canonical\" href=\"https:\/\/softnet.ro\/ro\/cariere\/\" \/>\n<meta property=\"og:locale\" content=\"ro_RO\" \/>\n<meta property=\"og:type\" content=\"article\" \/>\n<meta property=\"og:title\" content=\"Cariere - SoftNet\" \/>\n<meta property=\"og:description\" content=\"\u00cen peste un sfert de secol de experien\u021b\u0103 \u00een recrutarea de talent excep\u021bional \u00een industrie, am dezvoltat la SoftNet un \u201eal \u0219aselea sim\u021b\u201d pentru ce \u00eenseamn\u0103 succes \u00eentr-o carier\u0103 IT. Dac\u0103 \u0219tii c\u0103 ai ce-\u021bi trebuie, SoftNet e un loc excelent \u00een care s\u0103 dai \u00eentreaga m\u0103sur\u0103 a talentului t\u0103u. Vezi mai jos ce posturi [&hellip;]\" \/>\n<meta property=\"og:url\" content=\"https:\/\/softnet.ro\/ro\/cariere\/\" \/>\n<meta property=\"og:site_name\" content=\"SoftNet\" \/>\n<meta property=\"article:modified_time\" content=\"2023-07-07T07:28:23+00:00\" \/>\n<meta property=\"og:image\" content=\"https:\/\/softnet.ro\/wp-content\/uploads\/2023\/04\/1920x500-3.jpg\" \/>\n\t<meta property=\"og:image:width\" content=\"1920\" \/>\n\t<meta property=\"og:image:height\" content=\"500\" \/>\n\t<meta property=\"og:image:type\" content=\"image\/jpeg\" \/>\n<meta name=\"twitter:card\" content=\"summary_large_image\" \/>\n<meta name=\"twitter:label1\" content=\"Timp estimat pentru citire\" \/>\n\t<meta name=\"twitter:data1\" content=\"1 minut\" \/>\n<script type=\"application\/ld+json\" class=\"yoast-schema-graph\">{\"@context\":\"https:\/\/schema.org\",\"@graph\":[{\"@type\":\"WebPage\",\"@id\":\"https:\/\/softnet.ro\/ro\/cariere\/\",\"url\":\"https:\/\/softnet.ro\/ro\/cariere\/\",\"name\":\"Cariere - SoftNet\",\"isPartOf\":{\"@id\":\"https:\/\/softnet.ro\/ro\/#website\"},\"datePublished\":\"2023-03-28T10:57:54+00:00\",\"dateModified\":\"2023-07-07T07:28:23+00:00\",\"breadcrumb\":{\"@id\":\"https:\/\/softnet.ro\/ro\/cariere\/#breadcrumb\"},\"inLanguage\":\"ro-RO\",\"potentialAction\":[{\"@type\":\"ReadAction\",\"target\":[\"https:\/\/softnet.ro\/ro\/cariere\/\"]}]},{\"@type\":\"BreadcrumbList\",\"@id\":\"https:\/\/softnet.ro\/ro\/cariere\/#breadcrumb\",\"itemListElement\":[{\"@type\":\"ListItem\",\"position\":1,\"name\":\"Home\",\"item\":\"https:\/\/softnet.ro\/ro\/\"},{\"@type\":\"ListItem\",\"position\":2,\"name\":\"Cariere\"}]},{\"@type\":\"WebSite\",\"@id\":\"https:\/\/softnet.ro\/ro\/#website\",\"url\":\"https:\/\/softnet.ro\/ro\/\",\"name\":\"SoftNet\",\"description\":\"SoftNet Website\",\"potentialAction\":[{\"@type\":\"SearchAction\",\"target\":{\"@type\":\"EntryPoint\",\"urlTemplate\":\"https:\/\/softnet.ro\/ro\/?s={search_term_string}\"},\"query-input\":\"required name=search_term_string\"}],\"inLanguage\":\"ro-RO\"}]}<\/script>\n<!-- \/ Yoast SEO plugin. -->","yoast_head_json":{"title":"Cariere - SoftNet","robots":{"index":"index","follow":"follow","max-snippet":"max-snippet:-1","max-image-preview":"max-image-preview:large","max-video-preview":"max-video-preview:-1"},"canonical":"https:\/\/softnet.ro\/ro\/cariere\/","og_locale":"ro_RO","og_type":"article","og_title":"Cariere - SoftNet","og_description":"\u00cen peste un sfert de secol de experien\u021b\u0103 \u00een recrutarea de talent excep\u021bional \u00een industrie, am dezvoltat la SoftNet un \u201eal \u0219aselea sim\u021b\u201d pentru ce \u00eenseamn\u0103 succes \u00eentr-o carier\u0103 IT. Dac\u0103 \u0219tii c\u0103 ai ce-\u021bi trebuie, SoftNet e un loc excelent \u00een care s\u0103 dai \u00eentreaga m\u0103sur\u0103 a talentului t\u0103u. Vezi mai jos ce posturi [&hellip;]","og_url":"https:\/\/softnet.ro\/ro\/cariere\/","og_site_name":"SoftNet","article_modified_time":"2023-07-07T07:28:23+00:00","og_image":[{"width":1920,"height":500,"url":"https:\/\/softnet.ro\/wp-content\/uploads\/2023\/04\/1920x500-3.jpg","type":"image\/jpeg"}],"twitter_card":"summary_large_image","twitter_misc":{"Timp estimat pentru citire":"1 minut"},"schema":{"@context":"https:\/\/schema.org","@graph":[{"@type":"WebPage","@id":"https:\/\/softnet.ro\/ro\/cariere\/","url":"https:\/\/softnet.ro\/ro\/cariere\/","name":"Cariere - SoftNet","isPartOf":{"@id":"https:\/\/softnet.ro\/ro\/#website"},"datePublished":"2023-03-28T10:57:54+00:00","dateModified":"2023-07-07T07:28:23+00:00","breadcrumb":{"@id":"https:\/\/softnet.ro\/ro\/cariere\/#breadcrumb"},"inLanguage":"ro-RO","potentialAction":[{"@type":"ReadAction","target":["https:\/\/softnet.ro\/ro\/cariere\/"]}]},{"@type":"BreadcrumbList","@id":"https:\/\/softnet.ro\/ro\/cariere\/#breadcrumb","itemListElement":[{"@type":"ListItem","position":1,"name":"Home","item":"https:\/\/softnet.ro\/ro\/"},{"@type":"ListItem","position":2,"name":"Cariere"}]},{"@type":"WebSite","@id":"https:\/\/softnet.ro\/ro\/#website","url":"https:\/\/softnet.ro\/ro\/","name":"SoftNet","description":"SoftNet Website","potentialAction":[{"@type":"SearchAction","target":{"@type":"EntryPoint","urlTemplate":"https:\/\/softnet.ro\/ro\/?s={search_term_string}"},"query-input":"required name=search_term_string"}],"inLanguage":"ro-RO"}]}},"_links":{"self":[{"href":"https:\/\/softnet.ro\/ro\/wp-json\/wp\/v2\/pages\/161","targetHints":{"allow":["GET"]}}],"collection":[{"href":"https:\/\/softnet.ro\/ro\/wp-json\/wp\/v2\/pages"}],"about":[{"href":"https:\/\/softnet.ro\/ro\/wp-json\/wp\/v2\/types\/page"}],"author":[{"embeddable":true,"href":"https:\/\/softnet.ro\/ro\/wp-json\/wp\/v2\/users\/1"}],"replies":[{"embeddable":true,"href":"https:\/\/softnet.ro\/ro\/wp-json\/wp\/v2\/comments?post=161"}],"version-history":[{"count":7,"href":"https:\/\/softnet.ro\/ro\/wp-json\/wp\/v2\/pages\/161\/revisions"}],"predecessor-version":[{"id":729,"href":"https:\/\/softnet.ro\/ro\/wp-json\/wp\/v2\/pages\/161\/revisions\/729"}],"wp:featuredmedia":[{"embeddable":true,"href":"https:\/\/softnet.ro\/ro\/wp-json\/wp\/v2\/media\/191"}],"wp:attachment":[{"href":"https:\/\/softnet.ro\/ro\/wp-json\/wp\/v2\/media?parent=161"}],"curies":[{"name":"wp","href":"https:\/\/api.w.org\/{rel}","templated":true}]}}