{"id":23,"date":"2023-03-18T14:40:47","date_gmt":"2023-03-18T14:40:47","guid":{"rendered":"https:\/\/softnet.ro\/?page_id=23"},"modified":"2023-07-11T13:58:39","modified_gmt":"2023-07-11T13:58:39","slug":"echipa","status":"publish","type":"page","link":"https:\/\/softnet.ro\/ro\/echipa\/","title":{"rendered":"Echipa"},"content":{"rendered":"\n<p><strong>Viziunea fondatorului SoftNet, Dr. Vasile Baltac, este gravat\u0103 deopotriv\u0103 \u00een istoria \u0219i \u00een evolu\u021bia prezent\u0103 a grupului<\/strong><\/p>\n\n\n\n<p>Unul dintre pilonii acestei viziuni a fost s\u0103 recruteze \u0219i s\u0103 men\u021bin\u0103 o echip\u0103 bine sudat\u0103 de profesioni\u0219ti, capabil\u0103 s\u0103 \u00een\u021beleag\u0103, s\u0103-\u0219i asume, s\u0103 defineasc\u0103 \u0219i s\u0103 dezvolte filosofia de business a SoftNet.<\/p>\n\n\n\n<p>Face\u021bi cuno\u0219tin\u021b\u0103 cu echipa de management a SoftNet:<\/p>\n","protected":false},"excerpt":{"rendered":"<p>Viziunea fondatorului SoftNet, Dr. Vasile Baltac, este gravat\u0103 deopotriv\u0103 \u00een istoria \u0219i \u00een evolu\u021bia prezent\u0103 a grupului Unul dintre pilonii acestei viziuni a fost s\u0103 recruteze \u0219i s\u0103 men\u021bin\u0103 o echip\u0103 bine sudat\u0103 de profesioni\u0219ti, capabil\u0103 s\u0103 \u00een\u021beleag\u0103, s\u0103-\u0219i asume, s\u0103 defineasc\u0103 \u0219i s\u0103 dezvolte filosofia de business a SoftNet. Face\u021bi cuno\u0219tin\u021b\u0103 cu echipa de [&hellip;]<\/p>\n","protected":false},"author":1,"featured_media":189,"parent":0,"menu_order":0,"comment_status":"closed","ping_status":"closed","template":"template-echipa.php","meta":{"footnotes":""},"class_list":["post-23","page","type-page","status-publish","has-post-thumbnail","hentry"],"acf":[],"yoast_head":"<!-- This site is optimized with the Yoast SEO plugin v20.11 - https:\/\/yoast.com\/wordpress\/plugins\/seo\/ -->\n<title>Echipa - SoftNet<\/title>\n<meta name=\"robots\" content=\"index, follow, max-snippet:-1, max-image-preview:large, max-video-preview:-1\" \/>\n<link rel=\"canonical\" href=\"https:\/\/softnet.ro\/ro\/echipa\/\" \/>\n<meta property=\"og:locale\" content=\"ro_RO\" \/>\n<meta property=\"og:type\" content=\"article\" \/>\n<meta property=\"og:title\" content=\"Echipa - SoftNet\" \/>\n<meta property=\"og:description\" content=\"Viziunea fondatorului SoftNet, Dr. Vasile Baltac, este gravat\u0103 deopotriv\u0103 \u00een istoria \u0219i \u00een evolu\u021bia prezent\u0103 a grupului Unul dintre pilonii acestei viziuni a fost s\u0103 recruteze \u0219i s\u0103 men\u021bin\u0103 o echip\u0103 bine sudat\u0103 de profesioni\u0219ti, capabil\u0103 s\u0103 \u00een\u021beleag\u0103, s\u0103-\u0219i asume, s\u0103 defineasc\u0103 \u0219i s\u0103 dezvolte filosofia de business a SoftNet. Face\u021bi cuno\u0219tin\u021b\u0103 cu echipa de [&hellip;]\" \/>\n<meta property=\"og:url\" content=\"https:\/\/softnet.ro\/ro\/echipa\/\" \/>\n<meta property=\"og:site_name\" content=\"SoftNet\" \/>\n<meta property=\"article:modified_time\" content=\"2023-07-11T13:58:39+00:00\" \/>\n<meta property=\"og:image\" content=\"https:\/\/softnet.ro\/wp-content\/uploads\/2023\/04\/1920x500-1.jpg\" \/>\n\t<meta property=\"og:image:width\" content=\"1920\" \/>\n\t<meta property=\"og:image:height\" content=\"500\" \/>\n\t<meta property=\"og:image:type\" content=\"image\/jpeg\" \/>\n<meta name=\"twitter:card\" content=\"summary_large_image\" \/>\n<meta name=\"twitter:label1\" content=\"Timp estimat pentru citire\" \/>\n\t<meta name=\"twitter:data1\" content=\"1 minut\" \/>\n<script type=\"application\/ld+json\" class=\"yoast-schema-graph\">{\"@context\":\"https:\/\/schema.org\",\"@graph\":[{\"@type\":\"WebPage\",\"@id\":\"https:\/\/softnet.ro\/ro\/echipa\/\",\"url\":\"https:\/\/softnet.ro\/ro\/echipa\/\",\"name\":\"Echipa - SoftNet\",\"isPartOf\":{\"@id\":\"https:\/\/softnet.ro\/ro\/#website\"},\"datePublished\":\"2023-03-18T14:40:47+00:00\",\"dateModified\":\"2023-07-11T13:58:39+00:00\",\"breadcrumb\":{\"@id\":\"https:\/\/softnet.ro\/ro\/echipa\/#breadcrumb\"},\"inLanguage\":\"ro-RO\",\"potentialAction\":[{\"@type\":\"ReadAction\",\"target\":[\"https:\/\/softnet.ro\/ro\/echipa\/\"]}]},{\"@type\":\"BreadcrumbList\",\"@id\":\"https:\/\/softnet.ro\/ro\/echipa\/#breadcrumb\",\"itemListElement\":[{\"@type\":\"ListItem\",\"position\":1,\"name\":\"Home\",\"item\":\"https:\/\/softnet.ro\/ro\/\"},{\"@type\":\"ListItem\",\"position\":2,\"name\":\"Echipa\"}]},{\"@type\":\"WebSite\",\"@id\":\"https:\/\/softnet.ro\/ro\/#website\",\"url\":\"https:\/\/softnet.ro\/ro\/\",\"name\":\"SoftNet\",\"description\":\"SoftNet Website\",\"potentialAction\":[{\"@type\":\"SearchAction\",\"target\":{\"@type\":\"EntryPoint\",\"urlTemplate\":\"https:\/\/softnet.ro\/ro\/?s={search_term_string}\"},\"query-input\":\"required name=search_term_string\"}],\"inLanguage\":\"ro-RO\"}]}<\/script>\n<!-- \/ Yoast SEO plugin. -->","yoast_head_json":{"title":"Echipa - SoftNet","robots":{"index":"index","follow":"follow","max-snippet":"max-snippet:-1","max-image-preview":"max-image-preview:large","max-video-preview":"max-video-preview:-1"},"canonical":"https:\/\/softnet.ro\/ro\/echipa\/","og_locale":"ro_RO","og_type":"article","og_title":"Echipa - SoftNet","og_description":"Viziunea fondatorului SoftNet, Dr. Vasile Baltac, este gravat\u0103 deopotriv\u0103 \u00een istoria \u0219i \u00een evolu\u021bia prezent\u0103 a grupului Unul dintre pilonii acestei viziuni a fost s\u0103 recruteze \u0219i s\u0103 men\u021bin\u0103 o echip\u0103 bine sudat\u0103 de profesioni\u0219ti, capabil\u0103 s\u0103 \u00een\u021beleag\u0103, s\u0103-\u0219i asume, s\u0103 defineasc\u0103 \u0219i s\u0103 dezvolte filosofia de business a SoftNet. Face\u021bi cuno\u0219tin\u021b\u0103 cu echipa de [&hellip;]","og_url":"https:\/\/softnet.ro\/ro\/echipa\/","og_site_name":"SoftNet","article_modified_time":"2023-07-11T13:58:39+00:00","og_image":[{"width":1920,"height":500,"url":"https:\/\/softnet.ro\/wp-content\/uploads\/2023\/04\/1920x500-1.jpg","type":"image\/jpeg"}],"twitter_card":"summary_large_image","twitter_misc":{"Timp estimat pentru citire":"1 minut"},"schema":{"@context":"https:\/\/schema.org","@graph":[{"@type":"WebPage","@id":"https:\/\/softnet.ro\/ro\/echipa\/","url":"https:\/\/softnet.ro\/ro\/echipa\/","name":"Echipa - SoftNet","isPartOf":{"@id":"https:\/\/softnet.ro\/ro\/#website"},"datePublished":"2023-03-18T14:40:47+00:00","dateModified":"2023-07-11T13:58:39+00:00","breadcrumb":{"@id":"https:\/\/softnet.ro\/ro\/echipa\/#breadcrumb"},"inLanguage":"ro-RO","potentialAction":[{"@type":"ReadAction","target":["https:\/\/softnet.ro\/ro\/echipa\/"]}]},{"@type":"BreadcrumbList","@id":"https:\/\/softnet.ro\/ro\/echipa\/#breadcrumb","itemListElement":[{"@type":"ListItem","position":1,"name":"Home","item":"https:\/\/softnet.ro\/ro\/"},{"@type":"ListItem","position":2,"name":"Echipa"}]},{"@type":"WebSite","@id":"https:\/\/softnet.ro\/ro\/#website","url":"https:\/\/softnet.ro\/ro\/","name":"SoftNet","description":"SoftNet Website","potentialAction":[{"@type":"SearchAction","target":{"@type":"EntryPoint","urlTemplate":"https:\/\/softnet.ro\/ro\/?s={search_term_string}"},"query-input":"required name=search_term_string"}],"inLanguage":"ro-RO"}]}},"_links":{"self":[{"href":"https:\/\/softnet.ro\/ro\/wp-json\/wp\/v2\/pages\/23","targetHints":{"allow":["GET"]}}],"collection":[{"href":"https:\/\/softnet.ro\/ro\/wp-json\/wp\/v2\/pages"}],"about":[{"href":"https:\/\/softnet.ro\/ro\/wp-json\/wp\/v2\/types\/page"}],"author":[{"embeddable":true,"href":"https:\/\/softnet.ro\/ro\/wp-json\/wp\/v2\/users\/1"}],"replies":[{"embeddable":true,"href":"https:\/\/softnet.ro\/ro\/wp-json\/wp\/v2\/comments?post=23"}],"version-history":[{"count":23,"href":"https:\/\/softnet.ro\/ro\/wp-json\/wp\/v2\/pages\/23\/revisions"}],"predecessor-version":[{"id":805,"href":"https:\/\/softnet.ro\/ro\/wp-json\/wp\/v2\/pages\/23\/revisions\/805"}],"wp:featuredmedia":[{"embeddable":true,"href":"https:\/\/softnet.ro\/ro\/wp-json\/wp\/v2\/media\/189"}],"wp:attachment":[{"href":"https:\/\/softnet.ro\/ro\/wp-json\/wp\/v2\/media?parent=23"}],"curies":[{"name":"wp","href":"https:\/\/api.w.org\/{rel}","templated":true}]}}